{"id":1010,"date":"2013-08-31T11:42:04","date_gmt":"2013-08-31T09:42:04","guid":{"rendered":"https:\/\/www.kronbergerleben.de\/?page_id=1010"},"modified":"2019-08-02T13:52:02","modified_gmt":"2019-08-02T11:52:02","slug":"anfahrt","status":"publish","type":"page","link":"https:\/\/www.kronbergerleben.de\/en\/anfahrt\/","title":{"rendered":"Directions"},"content":{"rendered":"<p><strong>By car:<br \/>\n<\/strong>\u2022 Parkhaus Berliner Platz<br \/>\n\u2022 \u00bbBRAUN\u00ab Parkplatz, Frankfurter Stra\u00dfe 145, 61476 Kronberg. Free bus shuttle to Berliner Platz.<\/p>\n<p>Free Shuttle: Timetable for Saturday &amp; Sunday<\/p>\n<p><strong>Public transport:<br \/>\n<\/strong>\u2022 S-Bahn: S4 to Bahnhof Kronberg<br \/>\n\u2022 Bus: 261 to Bahnhof Kronberg<br \/>\nFrom there continue on Bahnhofstra\u00dfe uphill, then left into Bleichstra\u00dfe up until Frankfurter Stra\u00dfe.<\/p>","protected":false},"excerpt":{"rendered":"<p>By car: \u2022 Parkhaus Berliner Platz \u2022 \u00bbBRAUN\u00ab Parkplatz, Frankfurter Stra\u00dfe 145, 61476 Kronberg. Free bus shuttle to Berliner Platz. Free Shuttle: Timetable for Saturday &amp; Sunday Public transport: \u2022 S-Bahn: S4 to Bahnhof Kronberg \u2022 Bus: 261 to Bahnhof Kronberg From there continue on Bahnhofstra\u00dfe uphill, then left into Bleichstra\u00dfe up until Frankfurter Stra\u00dfe.<\/p>\n","protected":false},"author":1,"featured_media":0,"parent":0,"menu_order":0,"comment_status":"closed","ping_status":"closed","template":"","meta":{"footnotes":""},"class_list":["post-1010","page","type-page","status-publish","hentry"],"yoast_head":"<!-- This site is optimized with the Yoast SEO plugin v24.9 - https:\/\/yoast.com\/wordpress\/plugins\/seo\/ -->\n<title>Directions - kronberg|er|leben<\/title>\n<meta name=\"robots\" content=\"index, follow, max-snippet:-1, max-image-preview:large, max-video-preview:-1\" \/>\n<link rel=\"canonical\" href=\"https:\/\/www.kronbergerleben.de\/en\/anfahrt\/\" \/>\n<meta property=\"og:locale\" content=\"en_US\" \/>\n<meta property=\"og:type\" content=\"article\" \/>\n<meta property=\"og:title\" content=\"Directions - kronberg|er|leben\" \/>\n<meta property=\"og:description\" content=\"By car: \u2022 Parkhaus Berliner Platz \u2022 \u00bbBRAUN\u00ab Parkplatz, Frankfurter Stra\u00dfe 145, 61476 Kronberg. Free bus shuttle to Berliner Platz. Free Shuttle: Timetable for Saturday &amp; Sunday Public transport: \u2022 S-Bahn: S4 to Bahnhof Kronberg \u2022 Bus: 261 to Bahnhof Kronberg From there continue on Bahnhofstra\u00dfe uphill, then left into Bleichstra\u00dfe up until Frankfurter Stra\u00dfe.\" \/>\n<meta property=\"og:url\" content=\"https:\/\/www.kronbergerleben.de\/en\/anfahrt\/\" \/>\n<meta property=\"og:site_name\" content=\"kronberg|er|leben\" \/>\n<meta property=\"article:modified_time\" content=\"2019-08-02T11:52:02+00:00\" \/>\n<meta name=\"twitter:label1\" content=\"Est. reading time\" \/>\n\t<meta name=\"twitter:data1\" content=\"1 minute\" \/>\n<script type=\"application\/ld+json\" class=\"yoast-schema-graph\">{\"@context\":\"https:\/\/schema.org\",\"@graph\":[{\"@type\":\"WebPage\",\"@id\":\"https:\/\/www.kronbergerleben.de\/en\/anfahrt\/\",\"url\":\"https:\/\/www.kronbergerleben.de\/en\/anfahrt\/\",\"name\":\"Directions - kronberg|er|leben\",\"isPartOf\":{\"@id\":\"https:\/\/www.kronbergerleben.de\/en\/#website\"},\"datePublished\":\"2013-08-31T09:42:04+00:00\",\"dateModified\":\"2019-08-02T11:52:02+00:00\",\"breadcrumb\":{\"@id\":\"https:\/\/www.kronbergerleben.de\/en\/anfahrt\/#breadcrumb\"},\"inLanguage\":\"en-US\",\"potentialAction\":[{\"@type\":\"ReadAction\",\"target\":[[\"https:\/\/www.kronbergerleben.de\/en\/anfahrt\/\"]]}]},{\"@type\":\"BreadcrumbList\",\"@id\":\"https:\/\/www.kronbergerleben.de\/en\/anfahrt\/#breadcrumb\",\"itemListElement\":[{\"@type\":\"ListItem\",\"position\":1,\"name\":\"Home\",\"item\":\"https:\/\/www.kronbergerleben.de\/en\/\"},{\"@type\":\"ListItem\",\"position\":2,\"name\":\"Anfahrt\"}]},{\"@type\":\"WebSite\",\"@id\":\"https:\/\/www.kronbergerleben.de\/en\/#website\",\"url\":\"https:\/\/www.kronbergerleben.de\/en\/\",\"name\":\"kronberg|er|leben\",\"description\":\"Herbstmarkt 2.0\",\"potentialAction\":[{\"@type\":\"SearchAction\",\"target\":{\"@type\":\"EntryPoint\",\"urlTemplate\":\"https:\/\/www.kronbergerleben.de\/en\/?s={search_term_string}\"},\"query-input\":{\"@type\":\"PropertyValueSpecification\",\"valueRequired\":true,\"valueName\":\"search_term_string\"}}],\"inLanguage\":\"en-US\"}]}<\/script>\n<!-- \/ Yoast SEO plugin. -->","yoast_head_json":{"title":"Directions - kronberg|er|leben","robots":{"index":"index","follow":"follow","max-snippet":"max-snippet:-1","max-image-preview":"max-image-preview:large","max-video-preview":"max-video-preview:-1"},"canonical":"https:\/\/www.kronbergerleben.de\/en\/anfahrt\/","og_locale":"en_US","og_type":"article","og_title":"Directions - kronberg|er|leben","og_description":"By car: \u2022 Parkhaus Berliner Platz \u2022 \u00bbBRAUN\u00ab Parkplatz, Frankfurter Stra\u00dfe 145, 61476 Kronberg. Free bus shuttle to Berliner Platz. Free Shuttle: Timetable for Saturday &amp; Sunday Public transport: \u2022 S-Bahn: S4 to Bahnhof Kronberg \u2022 Bus: 261 to Bahnhof Kronberg From there continue on Bahnhofstra\u00dfe uphill, then left into Bleichstra\u00dfe up until Frankfurter Stra\u00dfe.","og_url":"https:\/\/www.kronbergerleben.de\/en\/anfahrt\/","og_site_name":"kronberg|er|leben","article_modified_time":"2019-08-02T11:52:02+00:00","twitter_misc":{"Est. reading time":"1 minute"},"schema":{"@context":"https:\/\/schema.org","@graph":[{"@type":"WebPage","@id":"https:\/\/www.kronbergerleben.de\/en\/anfahrt\/","url":"https:\/\/www.kronbergerleben.de\/en\/anfahrt\/","name":"Directions - kronberg|er|leben","isPartOf":{"@id":"https:\/\/www.kronbergerleben.de\/en\/#website"},"datePublished":"2013-08-31T09:42:04+00:00","dateModified":"2019-08-02T11:52:02+00:00","breadcrumb":{"@id":"https:\/\/www.kronbergerleben.de\/en\/anfahrt\/#breadcrumb"},"inLanguage":"en-US","potentialAction":[{"@type":"ReadAction","target":[["https:\/\/www.kronbergerleben.de\/en\/anfahrt\/"]]}]},{"@type":"BreadcrumbList","@id":"https:\/\/www.kronbergerleben.de\/en\/anfahrt\/#breadcrumb","itemListElement":[{"@type":"ListItem","position":1,"name":"Home","item":"https:\/\/www.kronbergerleben.de\/en\/"},{"@type":"ListItem","position":2,"name":"Anfahrt"}]},{"@type":"WebSite","@id":"https:\/\/www.kronbergerleben.de\/en\/#website","url":"https:\/\/www.kronbergerleben.de\/en\/","name":"kronberg|er|leben","description":"Herbstmarkt 2.0","potentialAction":[{"@type":"SearchAction","target":{"@type":"EntryPoint","urlTemplate":"https:\/\/www.kronbergerleben.de\/en\/?s={search_term_string}"},"query-input":{"@type":"PropertyValueSpecification","valueRequired":true,"valueName":"search_term_string"}}],"inLanguage":"en-US"}]}},"_links":{"self":[{"href":"https:\/\/www.kronbergerleben.de\/en\/wp-json\/wp\/v2\/pages\/1010"}],"collection":[{"href":"https:\/\/www.kronbergerleben.de\/en\/wp-json\/wp\/v2\/pages"}],"about":[{"href":"https:\/\/www.kronbergerleben.de\/en\/wp-json\/wp\/v2\/types\/page"}],"author":[{"embeddable":true,"href":"https:\/\/www.kronbergerleben.de\/en\/wp-json\/wp\/v2\/users\/1"}],"replies":[{"embeddable":true,"href":"https:\/\/www.kronbergerleben.de\/en\/wp-json\/wp\/v2\/comments?post=1010"}],"version-history":[{"count":40,"href":"https:\/\/www.kronbergerleben.de\/en\/wp-json\/wp\/v2\/pages\/1010\/revisions"}],"predecessor-version":[{"id":2287,"href":"https:\/\/www.kronbergerleben.de\/en\/wp-json\/wp\/v2\/pages\/1010\/revisions\/2287"}],"wp:attachment":[{"href":"https:\/\/www.kronbergerleben.de\/en\/wp-json\/wp\/v2\/media?parent=1010"}],"curies":[{"name":"wp","href":"https:\/\/api.w.org\/{rel}","templated":true}]}}