{"id":1261,"date":"2014-06-25T14:09:24","date_gmt":"2014-06-25T12:09:24","guid":{"rendered":"https:\/\/www.kronbergerleben.de\/?page_id=1261"},"modified":"2018-08-09T17:51:51","modified_gmt":"2018-08-09T15:51:51","slug":"ausbildungsplatzboerse","status":"publish","type":"page","link":"https:\/\/www.kronbergerleben.de\/en\/ausbildungsplatzboerse\/","title":{"rendered":"Apprenticeships"},"content":{"rendered":"<p><em>This information is only available in German.<\/em><\/p>\n<div id=\"attachment_1668\" style=\"width: 510px\" class=\"wp-caption aligncenter\"><a href=\"https:\/\/www.kronbergerleben.de\/wp-content\/uploads\/2014\/06\/Ausbildungsplatzboerse.jpg\"><img loading=\"lazy\" decoding=\"async\" aria-describedby=\"caption-attachment-1668\" class=\"wp-image-1668 size-full\" src=\"https:\/\/www.kronbergerleben.de\/wp-content\/uploads\/2014\/06\/Ausbildungsplatzboerse.jpg\" alt=\"\" width=\"500\" height=\"334\" srcset=\"https:\/\/www.kronbergerleben.de\/wp-content\/uploads\/2014\/06\/Ausbildungsplatzboerse.jpg 500w, https:\/\/www.kronbergerleben.de\/wp-content\/uploads\/2014\/06\/Ausbildungsplatzboerse-150x100.jpg 150w, https:\/\/www.kronbergerleben.de\/wp-content\/uploads\/2014\/06\/Ausbildungsplatzboerse-300x200.jpg 300w\" sizes=\"(max-width: 500px) 100vw, 500px\" \/><\/a><p id=\"caption-attachment-1668\" class=\"wp-caption-text\">Foto by: VadimGuzhva &#8211; Fotolia<\/p><\/div>\n<p>Im Rahmen von kronberg|er|leben findet am<b> Samstag, dem 09.09.2018 <\/b>ab <b>14:00 Uhr <\/b>die <b>6. Ausbildungsplatzb\u00f6rse <\/b>der Kronberger Handwerker, Betriebe und Unternehmen statt. Mitten auf dem Berliner Platz stellen sich mehr als 20 Betriebe mit ihren Besonderheiten vor. Schreiner, Sanit\u00e4r- und Heizungsanlagenbauer, Dachdecker, Mechatroniker, Ingenieure, Grafiker, B\u00fcrokommunikatoren, Landschaftsg\u00e4rtner u.v.m. stellen ihre Angebote in Kronberg vor. &#8220;Praxis trifft Theorie&#8221;, so die Devise, denn die Ausbildungsplatzb\u00f6rse l\u00e4dt zum Ausprobieren und dem praktischen Umgang in den verschiedenen Berufen ein. Berufsw\u00fcnsche im Praxisfeld erproben, neue Erfahrungen machen, um sich sicherer bei der Berufswahl zu f\u00fchlen &#8211; das steht im Mittelunkt der Ausbildungsplatzb\u00f6rse 2015. Viele Handwerksberufe haben sich ver\u00e4ndert, sind komplexer geworden und bieten viele Aufstiegschancen. Wie diese aussehen, k\u00f6nnen die interessierten Jugendlichen vor Ort erfahren. Viele Berufe kann man vor Ort &#8220;ausprobieren&#8221;. Viele Chefs stellen ihren Betrieb selbst vor, aber auch deren Auzubildende sprechen \u00fcber ihren Berufseinstieg. <b>Ab 15:00h<\/b> finden in der <b>Stadthalle Kronberg vier Kurzpr\u00e4sentationen <\/b>statt. Ein Azubi stellt z.B. seinen Schul- und Ausbildungsweg per Fotodokumentation vor. Im Anschluss stehen sie f\u00fcr Fragen der Interessenten zur Verf\u00fcgung. Neben Ausbildungspl\u00e4tzen werden auch Praktika angeboten. Am Stand der Gleichstellungsstelle beraten auch Vertreter der <strong>Agentur f\u00fcr Arbeit<\/strong> bei der Berufswahl.<\/p>\n<p><a href=\"https:\/\/www.kronbergerleben.de\/wp-content\/uploads\/2014\/06\/Logos.jpg\"><img loading=\"lazy\" decoding=\"async\" class=\" size-full wp-image-1663 alignleft\" src=\"https:\/\/www.kronbergerleben.de\/wp-content\/uploads\/2014\/06\/Logos.jpg\" alt=\"\" width=\"550\" height=\"50\" srcset=\"https:\/\/www.kronbergerleben.de\/wp-content\/uploads\/2014\/06\/Logos.jpg 550w, https:\/\/www.kronbergerleben.de\/wp-content\/uploads\/2014\/06\/Logos-150x14.jpg 150w, https:\/\/www.kronbergerleben.de\/wp-content\/uploads\/2014\/06\/Logos-300x27.jpg 300w\" sizes=\"(max-width: 550px) 100vw, 550px\" \/><\/a><\/p>","protected":false},"excerpt":{"rendered":"<p>This information is only available in German. Im Rahmen von kronberg|er|leben findet am Samstag, dem 09.09.2018 ab 14:00 Uhr die 6. Ausbildungsplatzb\u00f6rse der Kronberger Handwerker, Betriebe und Unternehmen statt. Mitten auf dem Berliner Platz stellen sich mehr als 20 Betriebe mit ihren Besonderheiten vor. Schreiner, Sanit\u00e4r- und Heizungsanlagenbauer, Dachdecker, Mechatroniker, Ingenieure, Grafiker, B\u00fcrokommunikatoren, Landschaftsg\u00e4rtner u.v.m. [&hellip;]<\/p>\n","protected":false},"author":1,"featured_media":0,"parent":0,"menu_order":0,"comment_status":"closed","ping_status":"closed","template":"","meta":{"footnotes":""},"class_list":["post-1261","page","type-page","status-publish","hentry"],"yoast_head":"<!-- This site is optimized with the Yoast SEO plugin v24.9 - https:\/\/yoast.com\/wordpress\/plugins\/seo\/ -->\n<title>Apprenticeships - kronberg|er|leben<\/title>\n<meta name=\"robots\" content=\"index, follow, max-snippet:-1, max-image-preview:large, max-video-preview:-1\" \/>\n<link rel=\"canonical\" href=\"https:\/\/www.kronbergerleben.de\/en\/ausbildungsplatzboerse\/\" \/>\n<meta property=\"og:locale\" content=\"en_US\" \/>\n<meta property=\"og:type\" content=\"article\" \/>\n<meta property=\"og:title\" content=\"Apprenticeships - kronberg|er|leben\" \/>\n<meta property=\"og:description\" content=\"This information is only available in German. Im Rahmen von kronberg|er|leben findet am Samstag, dem 09.09.2018 ab 14:00 Uhr die 6. Ausbildungsplatzb\u00f6rse der Kronberger Handwerker, Betriebe und Unternehmen statt. Mitten auf dem Berliner Platz stellen sich mehr als 20 Betriebe mit ihren Besonderheiten vor. Schreiner, Sanit\u00e4r- und Heizungsanlagenbauer, Dachdecker, Mechatroniker, Ingenieure, Grafiker, B\u00fcrokommunikatoren, Landschaftsg\u00e4rtner u.v.m. [&hellip;]\" \/>\n<meta property=\"og:url\" content=\"https:\/\/www.kronbergerleben.de\/en\/ausbildungsplatzboerse\/\" \/>\n<meta property=\"og:site_name\" content=\"kronberg|er|leben\" \/>\n<meta property=\"article:modified_time\" content=\"2018-08-09T15:51:51+00:00\" \/>\n<meta property=\"og:image\" content=\"https:\/\/www.kronbergerleben.de\/wp-content\/uploads\/2014\/06\/Ausbildungsplatzboerse.jpg\" \/>\n<meta name=\"twitter:label1\" content=\"Est. reading time\" \/>\n\t<meta name=\"twitter:data1\" content=\"2 minutes\" \/>\n<script type=\"application\/ld+json\" class=\"yoast-schema-graph\">{\"@context\":\"https:\/\/schema.org\",\"@graph\":[{\"@type\":\"WebPage\",\"@id\":\"https:\/\/www.kronbergerleben.de\/en\/ausbildungsplatzboerse\/\",\"url\":\"https:\/\/www.kronbergerleben.de\/en\/ausbildungsplatzboerse\/\",\"name\":\"Apprenticeships - kronberg|er|leben\",\"isPartOf\":{\"@id\":\"https:\/\/www.kronbergerleben.de\/en\/#website\"},\"primaryImageOfPage\":{\"@id\":\"https:\/\/www.kronbergerleben.de\/en\/ausbildungsplatzboerse\/#primaryimage\"},\"image\":{\"@id\":\"https:\/\/www.kronbergerleben.de\/ausbildungsplatzboerse\/#primaryimage\"},\"thumbnailUrl\":\"https:\/\/www.kronbergerleben.de\/wp-content\/uploads\/2014\/06\/Ausbildungsplatzboerse.jpg\",\"datePublished\":\"2014-06-25T12:09:24+00:00\",\"dateModified\":\"2018-08-09T15:51:51+00:00\",\"breadcrumb\":{\"@id\":\"https:\/\/www.kronbergerleben.de\/en\/ausbildungsplatzboerse\/#breadcrumb\"},\"inLanguage\":\"en-US\",\"potentialAction\":[{\"@type\":\"ReadAction\",\"target\":[[\"https:\/\/www.kronbergerleben.de\/en\/ausbildungsplatzboerse\/\"]]}]},{\"@type\":\"ImageObject\",\"inLanguage\":\"en-US\",\"@id\":\"https:\/\/www.kronbergerleben.de\/en\/ausbildungsplatzboerse\/#primaryimage\",\"url\":\"https:\/\/www.kronbergerleben.de\/wp-content\/uploads\/2014\/06\/Ausbildungsplatzboerse.jpg\",\"contentUrl\":\"https:\/\/www.kronbergerleben.de\/wp-content\/uploads\/2014\/06\/Ausbildungsplatzboerse.jpg\"},{\"@type\":\"BreadcrumbList\",\"@id\":\"https:\/\/www.kronbergerleben.de\/en\/ausbildungsplatzboerse\/#breadcrumb\",\"itemListElement\":[{\"@type\":\"ListItem\",\"position\":1,\"name\":\"Home\",\"item\":\"https:\/\/www.kronbergerleben.de\/en\/\"},{\"@type\":\"ListItem\",\"position\":2,\"name\":\"Ausbildungsplatzb\u00f6rse\"}]},{\"@type\":\"WebSite\",\"@id\":\"https:\/\/www.kronbergerleben.de\/en\/#website\",\"url\":\"https:\/\/www.kronbergerleben.de\/en\/\",\"name\":\"kronberg|er|leben\",\"description\":\"Herbstmarkt 2.0\",\"potentialAction\":[{\"@type\":\"SearchAction\",\"target\":{\"@type\":\"EntryPoint\",\"urlTemplate\":\"https:\/\/www.kronbergerleben.de\/en\/?s={search_term_string}\"},\"query-input\":{\"@type\":\"PropertyValueSpecification\",\"valueRequired\":true,\"valueName\":\"search_term_string\"}}],\"inLanguage\":\"en-US\"}]}<\/script>\n<!-- \/ Yoast SEO plugin. -->","yoast_head_json":{"title":"Apprenticeships - kronberg|er|leben","robots":{"index":"index","follow":"follow","max-snippet":"max-snippet:-1","max-image-preview":"max-image-preview:large","max-video-preview":"max-video-preview:-1"},"canonical":"https:\/\/www.kronbergerleben.de\/en\/ausbildungsplatzboerse\/","og_locale":"en_US","og_type":"article","og_title":"Apprenticeships - kronberg|er|leben","og_description":"This information is only available in German. Im Rahmen von kronberg|er|leben findet am Samstag, dem 09.09.2018 ab 14:00 Uhr die 6. Ausbildungsplatzb\u00f6rse der Kronberger Handwerker, Betriebe und Unternehmen statt. Mitten auf dem Berliner Platz stellen sich mehr als 20 Betriebe mit ihren Besonderheiten vor. Schreiner, Sanit\u00e4r- und Heizungsanlagenbauer, Dachdecker, Mechatroniker, Ingenieure, Grafiker, B\u00fcrokommunikatoren, Landschaftsg\u00e4rtner u.v.m. [&hellip;]","og_url":"https:\/\/www.kronbergerleben.de\/en\/ausbildungsplatzboerse\/","og_site_name":"kronberg|er|leben","article_modified_time":"2018-08-09T15:51:51+00:00","og_image":[{"url":"https:\/\/www.kronbergerleben.de\/wp-content\/uploads\/2014\/06\/Ausbildungsplatzboerse.jpg","type":"","width":"","height":""}],"twitter_misc":{"Est. reading time":"2 minutes"},"schema":{"@context":"https:\/\/schema.org","@graph":[{"@type":"WebPage","@id":"https:\/\/www.kronbergerleben.de\/en\/ausbildungsplatzboerse\/","url":"https:\/\/www.kronbergerleben.de\/en\/ausbildungsplatzboerse\/","name":"Apprenticeships - kronberg|er|leben","isPartOf":{"@id":"https:\/\/www.kronbergerleben.de\/en\/#website"},"primaryImageOfPage":{"@id":"https:\/\/www.kronbergerleben.de\/en\/ausbildungsplatzboerse\/#primaryimage"},"image":{"@id":"https:\/\/www.kronbergerleben.de\/ausbildungsplatzboerse\/#primaryimage"},"thumbnailUrl":"https:\/\/www.kronbergerleben.de\/wp-content\/uploads\/2014\/06\/Ausbildungsplatzboerse.jpg","datePublished":"2014-06-25T12:09:24+00:00","dateModified":"2018-08-09T15:51:51+00:00","breadcrumb":{"@id":"https:\/\/www.kronbergerleben.de\/en\/ausbildungsplatzboerse\/#breadcrumb"},"inLanguage":"en-US","potentialAction":[{"@type":"ReadAction","target":[["https:\/\/www.kronbergerleben.de\/en\/ausbildungsplatzboerse\/"]]}]},{"@type":"ImageObject","inLanguage":"en-US","@id":"https:\/\/www.kronbergerleben.de\/en\/ausbildungsplatzboerse\/#primaryimage","url":"https:\/\/www.kronbergerleben.de\/wp-content\/uploads\/2014\/06\/Ausbildungsplatzboerse.jpg","contentUrl":"https:\/\/www.kronbergerleben.de\/wp-content\/uploads\/2014\/06\/Ausbildungsplatzboerse.jpg"},{"@type":"BreadcrumbList","@id":"https:\/\/www.kronbergerleben.de\/en\/ausbildungsplatzboerse\/#breadcrumb","itemListElement":[{"@type":"ListItem","position":1,"name":"Home","item":"https:\/\/www.kronbergerleben.de\/en\/"},{"@type":"ListItem","position":2,"name":"Ausbildungsplatzb\u00f6rse"}]},{"@type":"WebSite","@id":"https:\/\/www.kronbergerleben.de\/en\/#website","url":"https:\/\/www.kronbergerleben.de\/en\/","name":"kronberg|er|leben","description":"Herbstmarkt 2.0","potentialAction":[{"@type":"SearchAction","target":{"@type":"EntryPoint","urlTemplate":"https:\/\/www.kronbergerleben.de\/en\/?s={search_term_string}"},"query-input":{"@type":"PropertyValueSpecification","valueRequired":true,"valueName":"search_term_string"}}],"inLanguage":"en-US"}]}},"_links":{"self":[{"href":"https:\/\/www.kronbergerleben.de\/en\/wp-json\/wp\/v2\/pages\/1261"}],"collection":[{"href":"https:\/\/www.kronbergerleben.de\/en\/wp-json\/wp\/v2\/pages"}],"about":[{"href":"https:\/\/www.kronbergerleben.de\/en\/wp-json\/wp\/v2\/types\/page"}],"author":[{"embeddable":true,"href":"https:\/\/www.kronbergerleben.de\/en\/wp-json\/wp\/v2\/users\/1"}],"replies":[{"embeddable":true,"href":"https:\/\/www.kronbergerleben.de\/en\/wp-json\/wp\/v2\/comments?post=1261"}],"version-history":[{"count":22,"href":"https:\/\/www.kronbergerleben.de\/en\/wp-json\/wp\/v2\/pages\/1261\/revisions"}],"predecessor-version":[{"id":2231,"href":"https:\/\/www.kronbergerleben.de\/en\/wp-json\/wp\/v2\/pages\/1261\/revisions\/2231"}],"wp:attachment":[{"href":"https:\/\/www.kronbergerleben.de\/en\/wp-json\/wp\/v2\/media?parent=1261"}],"curies":[{"name":"wp","href":"https:\/\/api.w.org\/{rel}","templated":true}]}}