{"id":2020,"date":"2017-08-15T11:21:01","date_gmt":"2017-08-15T09:21:01","guid":{"rendered":"https:\/\/www.kronbergerleben.de\/?page_id=2020"},"modified":"2019-08-02T13:59:55","modified_gmt":"2019-08-02T11:59:55","slug":"teilnehmer","status":"publish","type":"page","link":"https:\/\/www.kronbergerleben.de\/en\/teilnehmer\/","title":{"rendered":"Participants"},"content":{"rendered":"<p><\/p>\n<h1><a href=\"https:\/\/www.kronbergerleben.de\/wp-content\/uploads\/2018\/08\/kronbergerleben_2018_Programm.pdf\" target=\"_blank\" rel=\"noopener noreferrer\"><img loading=\"lazy\" decoding=\"async\" class=\"size-full wp-image-2251 alignleft\" src=\"https:\/\/www.kronbergerleben.de\/wp-content\/uploads\/2018\/08\/Lageplan.jpg\" alt=\"\" width=\"559\" height=\"595\" srcset=\"https:\/\/www.kronbergerleben.de\/wp-content\/uploads\/2018\/08\/Lageplan.jpg 559w, https:\/\/www.kronbergerleben.de\/wp-content\/uploads\/2018\/08\/Lageplan-141x150.jpg 141w, https:\/\/www.kronbergerleben.de\/wp-content\/uploads\/2018\/08\/Lageplan-282x300.jpg 282w\" sizes=\"(max-width: 559px) 100vw, 559px\" \/><\/a><\/h1>\n<h1><\/h1>\n<h1><\/h1>\n<h1>Craftsmen<\/h1>\n<p><a href=\"http:\/\/www.raumausstattung-ebner-kronberg.de\/\">Ebner Raumausstattung<\/a><br \/>\n<span lang=\"DE\"><a href=\"http:\/\/www.depping-info.de\" target=\"_blank\" rel=\"noopener noreferrer\">Erich Depping &amp; Sohn GmbH<\/a> <\/span><span lang=\"DE\"><br \/>\n<\/span><a href=\"http:\/\/www.etechnik-nuhn.de\/\" target=\"_blank\" rel=\"noopener noreferrer\">Elektrotechnik Nuhn<\/a> <span lang=\"DE\"><br \/>\n<\/span><a href=\"http:\/\/www.hofmannbau-kronberg.de\" target=\"_blank\" rel=\"noopener noreferrer\">Gebr\u00fcder Hofmann GmbH<\/a><br \/>\n<span lang=\"DE\"><a href=\"http:\/\/maler-wehrheim.de\">Karl Wehrheim GmbH<\/a> <\/span><span lang=\"DE\"><br \/>\n<\/span><a href=\"http:\/\/www.moebelkulemann.de\/\" target=\"_blank\" rel=\"noopener noreferrer\">M\u00f6bel Kulemann K\u00fcchenwerkstatt<\/a><br \/>\n<a href=\"http:\/\/www.schmiede-scheller.de\/\">Scheller &#8211; Schmiede und Metallbau <\/a><span lang=\"DE\"><br \/>\n<\/span><a href=\"http:\/\/www.schulte-baustoffe.de\/\">Schulte Baufachhandel<\/a><\/p>\n<p>Michael Steinmetz Heim &amp; Haus, Bauelemente rund ums Haus<br \/>\n<a href=\"http:\/\/www.fegerdach.de\/\" target=\"_blank\" rel=\"noopener noreferrer\">Weidmann &amp; Feger<\/a><\/p>\n<hr \/>\n<h1>Retailer<\/h1>\n<p><a href=\"http:\/\/www.augeundohr.com\/\">Auge &amp; Ohr Optikstudio<\/a><br \/>\n<a href=\"http:\/\/www.dakinis-fashion.de\/\">Dakinis<\/a><br \/>\n<a href=\"http:\/\/bds-kronberg.de\/Mitglieder\/427\/Das%20Schaukelpferd\">Das Schaukelpferd GbR<\/a><br \/>\n<a href=\"https:\/\/www.expressionthedresscompany.com\/\" target=\"_blank\" rel=\"noopener noreferrer\">Expression &#8211; The Dress Company<\/a><br \/>\n<a href=\"http:\/\/bds-kronberg.de\/Mitglieder\/33\/Famous%20Fashion%20Kronberg%20UG\" target=\"_blank\" rel=\"noopener noreferrer\">Famous Fashion<\/a><br \/>\n<a href=\"http:\/\/www.bds-kronberg.de\/Mitglieder\/354\/Galerie%20des%20Fleurs\" target=\"_blank\" rel=\"noopener noreferrer\">Galerie des Fleurs <\/a><br \/>\n<a href=\"http:\/\/www.bds-kronberg.de\/Mitglieder\/483\/G-Star%20Outlet%20GmbH\">G-Star Outlet GmbH<\/a><br \/>\n<a href=\"http:\/\/www.bds-kronberg.de\/Mitglieder\/271\/Gunther%20H.%20Hahn\">Hahn Mode<\/a><br \/>\n<a href=\"http:\/\/www.hibike.de\/\">HIBIKE Hauptsache Fahrrad<\/a><br \/>\n<a href=\"http:\/\/www.bds-kronberg.de\/Mitglieder\/256\/Hilla%60s%20Boutique\">Hilla&#8217;s Boutique<\/a><br \/>\n<a href=\"http:\/\/www.hofgut-hohenwald.de\/\" target=\"_blank\" rel=\"noopener noreferrer\">Hofgut Hohenwald <\/a><br \/>\n<a href=\"http:\/\/hoergeraete-kronberg.de\" target=\"_blank\" rel=\"noopener noreferrer\">Lombardi H\u00f6rzentrum<\/a><br \/>\n<a href=\"http:\/\/www.bds-kronberg.de\/Mitglieder\/26\/Klinger%20Delikatessen%20&amp;%20Wein\">Klinger Delikatessen &amp; Wein<\/a><br \/>\n<a href=\"http:\/\/www.taunus-buch.de\/\" target=\"_blank\" rel=\"noopener noreferrer\">Kronberger B\u00fccherstube<\/a><br \/>\n<a href=\"http:\/\/www.moebelkulemann.de\/\">O<\/a><a href=\"http:\/\/bds-kronberg.de\/Mitglieder\/389\/Optik%20Cho\">ptik Cho<\/a><br \/>\n<a href=\"http:\/\/bds-kronberg.de\/Mitglieder\/378\/Oserian%20Interieur\">Oserian Interieur<\/a><br \/>\n<a href=\"http:\/\/bds-kronberg.de\/Mitglieder\/249\/Pfiffikuss\" target=\"_blank\" rel=\"noopener noreferrer\">Pfiffikuss<\/a><br \/>\n<a href=\"http:\/\/www.ries-suesswaren.de\/Ries_Suesswaren_Kontakt.html\" target=\"_blank\" rel=\"noopener noreferrer\">Ries GmbH <\/a><br \/>\n<a href=\"http:\/\/bds-kronberg.de\/Mitglieder\/233\/Schweizer%20W%C3%A4schestuebli\" target=\"_blank\" rel=\"noopener noreferrer\">Schweizer W\u00e4schest\u00fcbli<\/a><br \/>\n<a href=\"http:\/\/www.bds-kronberg.de\/Mitglieder\/30\/Teestube%20Kronberg\">Teestube Kronberg<\/a><br \/>\n<a href=\"http:\/\/bds-kronberg.de\/Mitglieder\/255\/Wilfried%20Fehn%20Uhrmachermeister\">Uhren &amp; Schmuck &#8211; Wilfried Fehn<\/a><br \/>\n<a href=\"http:\/\/www.zeitundgenuss.de\/\" target=\"_blank\" rel=\"noopener noreferrer\">Zeit &amp; Genuss<\/a><\/p>\n<hr \/>\n<h1>Service providers<\/h1>\n<p><a href=\"http:\/\/augen-schielen.de\/\" target=\"_blank\" rel=\"noopener noreferrer\">Autohaus Volpert &amp; Bisinger Gmbh &amp; Co. KG<\/a><br \/>\n<a href=\"http:\/\/www.auto-nauheim.de\/\" target=\"_blank\" rel=\"noopener noreferrer\">Auto-Nauheim<\/a><br \/>\n<a href=\"http:\/\/www.bundk.de\/\" target=\"_blank\" rel=\"noopener noreferrer\">B &amp; K GmbH &amp; Co. KG<\/a><br \/>\n<a href=\"https:\/\/citynfo.net\" target=\"_blank\" rel=\"noopener noreferrer\">Citynfo<\/a> Gewinnspiel<br \/>\n<a href=\"http:\/\/www.frankfurter-volksbank.de\/\" target=\"_blank\" rel=\"noopener noreferrer\">Frankfurter Volksbank e.G.<\/a><a href=\"https:\/\/www.hhc-hess.de\" target=\"_blank\" rel=\"noopener noreferrer\"><br \/>\n<\/a><a href=\"http:\/\/www.recht-und-recht.de\/\">Kanzlei Recht und Recht<\/a> <a href=\"https:\/\/www.hhc-hess.de\" target=\"_blank\" rel=\"noopener noreferrer\"><br \/>\n<\/a><a href=\"http:\/\/www.mk-business-coaching.de\" target=\"_blank\" rel=\"noopener noreferrer\">Markus Kohlenbach Sytemischer Business Coach<\/a><br \/>\n<a href=\"http:\/\/www.k\u00f6rperformen.com\/standorte\/ems-training-kronberg\/\" target=\"_blank\" rel=\"noopener noreferrer\">K\u00f6rperFormen Kronberg<\/a><br \/>\n<a href=\"http:\/\/www.kosmetiksalon-kronberg.de\" target=\"_blank\" rel=\"noopener noreferrer\">Kosmetiksalon-Kronberg<\/a><br \/>\n<a href=\"https:\/\/www.mainova.de\" target=\"_blank\" rel=\"noopener noreferrer\">MAINOVA <\/a><br \/>\n<a href=\"http:\/\/www.naspa.de\/\" target=\"_blank\" rel=\"noopener noreferrer\">Nassauische Sparkasse<\/a><br \/>\n<a href=\"http:\/\/reaktiv-kronberg.de\" target=\"_blank\" rel=\"noopener noreferrer\">Reaktiv-Sport-and Physiotherapie <\/a><br \/>\n<a href=\"https:\/\/www.wonnenberg.de\">Rechtsanwaltskanzlei Wonnenberg<\/a><br \/>\n<a href=\"http:\/\/www.sanftenberg-muench.de\" target=\"_blank\" rel=\"noopener noreferrer\">Sanftenberg und Kaul Steuerberatungssoziet\u00e4t<\/a><br \/>\n<a href=\"http:\/\/www.ankewenderoth.de\/\" target=\"_blank\" rel=\"noopener noreferrer\">Grafikdesign &amp; Artwork Anke Wenderoth<\/a><br \/>\n<a href=\"http:\/\/tamara-daniel.de\/\" target=\"_blank\" rel=\"noopener noreferrer\">Tamara Daniel Farbleben Fotografie<\/a><br \/>\n<a href=\"http:\/\/bds-kronberg.de\/Mitglieder\/243\/Taunus%20Sparkasse\" target=\"_blank\" rel=\"noopener noreferrer\">Taunus Sparkasse<\/a><br \/>\n<a href=\"http:\/\/taunustanzschule.de\" target=\"_blank\" rel=\"noopener noreferrer\">Taunus-Tanz! Schule<\/a><br \/>\n<a href=\"http:\/\/s573013800.online.de\/zuber\/\" target=\"_blank\" rel=\"noopener noreferrer\">Taxi Zuber<\/a><\/p>\n<hr \/>\n<h1>Restaurateurs<\/h1>\n<p><a href=\"http:\/\/brewids.de\" target=\"_blank\" rel=\"noopener noreferrer\">Brewids Getr\u00e4nkespezialit\u00e4ten <\/a><br \/>\n<a href=\"http:\/\/www.zum-gruenen-wald.com\/\" target=\"_blank\" rel=\"noopener noreferrer\">Gasthaus zum Gr\u00fcnen Wald <\/a><br \/>\n<a href=\"http:\/\/www.hellriegel.com\/\" target=\"_blank\" rel=\"noopener noreferrer\">Hellriegel GmbH Feinkost und Convenience<\/a><br \/>\n<a href=\"http:\/\/bds-kronberg.de\/Mitglieder\/17\/Jochmann%20GmbH\">Jochmann GmbH Catering Veranstaltungen Feste<\/a><br \/>\nKelterei Georg Herberth<br \/>\n<a href=\"http:\/\/bds-kronberg.de\/Mitglieder\/26\/Klinger%20Delikatessen%20&amp;%20Wein\" target=\"_blank\" rel=\"noopener noreferrer\">Klinger Delikatessen &amp; Wein<\/a><br \/>\n<a href=\"http:\/\/www.main-course-foodtruck.de\">MAIN COURSE Foodtruck<\/a><br \/>\n<a href=\"https:\/\/www.obsthof-krieger.de\">Obsthof Krieger<\/a><br \/>\n<a href=\"http:\/\/www.posthaus.de\/\">Posthaus Hotel Residenz<\/a><br \/>\n<a href=\"http:\/\/www.receptur.de\/\">Recepturkeller Kronberg<\/a><br \/>\n<a href=\"http:\/\/www.creperie.de\/\">Riemer&#8217;s Creperie<\/a><br \/>\n<a href=\"http:\/\/www.ries-suesswaren.de\/\">Ries GmbH<\/a><br \/>\n<a href=\"http:\/\/www.zum-weinberg-kronberg.de\/\" target=\"_blank\" rel=\"noopener noreferrer\">Traditionsgastst\u00e4tte Z<\/a><a href=\"http:\/\/www.zum-weinberg-kronberg.de\/\" target=\"_blank\" rel=\"noopener noreferrer\">um Weinberg<\/a> l<\/p>\n<hr \/>\n<h1>Clubs &amp; Institutions<\/h1>\n<p><a href=\"http:\/\/www.nepra.de\/\" target=\"_blank\" rel=\"noopener noreferrer\">Nepra e.V. <\/a>Luftballon Wettbewerb<br \/>\n<a href=\"https:\/\/www.kronbergacademy.de\/ueber-uns\/unsere-foerderer\/allgemein\/\" target=\"_blank\" rel=\"noopener noreferrer\">Freunde und F\u00f6rderer der Kronberg Academy e.V.<br \/>\n<\/a>Kirchengemeinden<br \/>\n<a href=\"https:\/\/sdw-kronberg.jimdo.com\" target=\"_blank\" rel=\"noopener noreferrer\">Schutzgemeinschaft Deutscher Wald Kronberg e.V.<\/a> Bau und Verkauf von Nisthilfen<br \/>\n<a href=\"http:\/\/www.burgkronberg.de\" target=\"_blank\" rel=\"noopener noreferrer\">Stiftung Burg Kronberg <\/a><br \/>\n<a href=\"http:\/\/vox-musicae.de\" target=\"_blank\" rel=\"noopener noreferrer\">Vox Musicae Rock\/Pop-Chor<\/a><br \/>\n<a href=\"https:\/\/www.tevc-kronberg.de\" target=\"_blank\" rel=\"noopener noreferrer\">TEVC Kronberg<\/a> Demonstration Kleinfeldtennis<\/p>","protected":false},"excerpt":{"rendered":"<p>Craftsmen Ebner Raumausstattung Erich Depping &amp; Sohn GmbH Elektrotechnik Nuhn Gebr\u00fcder Hofmann GmbH Karl Wehrheim GmbH M\u00f6bel Kulemann K\u00fcchenwerkstatt Scheller &#8211; Schmiede und Metallbau Schulte Baufachhandel Michael Steinmetz Heim &amp; Haus, Bauelemente rund ums Haus Weidmann &amp; Feger Retailer Auge &amp; Ohr Optikstudio Dakinis Das Schaukelpferd GbR Expression &#8211; The Dress Company Famous Fashion Galerie [&hellip;]<\/p>\n","protected":false},"author":1,"featured_media":0,"parent":0,"menu_order":0,"comment_status":"closed","ping_status":"closed","template":"","meta":{"footnotes":""},"class_list":["post-2020","page","type-page","status-publish","hentry"],"yoast_head":"<!-- This site is optimized with the Yoast SEO plugin v24.9 - https:\/\/yoast.com\/wordpress\/plugins\/seo\/ -->\n<title>Participants - kronberg|er|leben<\/title>\n<meta name=\"robots\" content=\"index, follow, max-snippet:-1, max-image-preview:large, max-video-preview:-1\" \/>\n<link rel=\"canonical\" href=\"https:\/\/www.kronbergerleben.de\/en\/teilnehmer\/\" \/>\n<meta property=\"og:locale\" content=\"en_US\" \/>\n<meta property=\"og:type\" content=\"article\" \/>\n<meta property=\"og:title\" content=\"Participants - kronberg|er|leben\" \/>\n<meta property=\"og:description\" content=\"Craftsmen Ebner Raumausstattung Erich Depping &amp; Sohn GmbH Elektrotechnik Nuhn Gebr\u00fcder Hofmann GmbH Karl Wehrheim GmbH M\u00f6bel Kulemann K\u00fcchenwerkstatt Scheller &#8211; Schmiede und Metallbau Schulte Baufachhandel Michael Steinmetz Heim &amp; Haus, Bauelemente rund ums Haus Weidmann &amp; Feger Retailer Auge &amp; Ohr Optikstudio Dakinis Das Schaukelpferd GbR Expression &#8211; The Dress Company Famous Fashion Galerie [&hellip;]\" \/>\n<meta property=\"og:url\" content=\"https:\/\/www.kronbergerleben.de\/en\/teilnehmer\/\" \/>\n<meta property=\"og:site_name\" content=\"kronberg|er|leben\" \/>\n<meta property=\"article:modified_time\" content=\"2019-08-02T11:59:55+00:00\" \/>\n<meta property=\"og:image\" content=\"https:\/\/www.kronbergerleben.de\/wp-content\/uploads\/2018\/08\/Lageplan.jpg\" \/>\n<meta name=\"twitter:label1\" content=\"Est. reading time\" \/>\n\t<meta name=\"twitter:data1\" content=\"3 minutes\" \/>\n<script type=\"application\/ld+json\" class=\"yoast-schema-graph\">{\"@context\":\"https:\/\/schema.org\",\"@graph\":[{\"@type\":\"WebPage\",\"@id\":\"https:\/\/www.kronbergerleben.de\/en\/teilnehmer\/\",\"url\":\"https:\/\/www.kronbergerleben.de\/en\/teilnehmer\/\",\"name\":\"Participants - kronberg|er|leben\",\"isPartOf\":{\"@id\":\"https:\/\/www.kronbergerleben.de\/en\/#website\"},\"primaryImageOfPage\":{\"@id\":\"https:\/\/www.kronbergerleben.de\/en\/teilnehmer\/#primaryimage\"},\"image\":{\"@id\":\"https:\/\/www.kronbergerleben.de\/teilnehmer\/#primaryimage\"},\"thumbnailUrl\":\"https:\/\/www.kronbergerleben.de\/wp-content\/uploads\/2018\/08\/Lageplan.jpg\",\"datePublished\":\"2017-08-15T09:21:01+00:00\",\"dateModified\":\"2019-08-02T11:59:55+00:00\",\"breadcrumb\":{\"@id\":\"https:\/\/www.kronbergerleben.de\/en\/teilnehmer\/#breadcrumb\"},\"inLanguage\":\"en-US\",\"potentialAction\":[{\"@type\":\"ReadAction\",\"target\":[[\"https:\/\/www.kronbergerleben.de\/en\/teilnehmer\/\"]]}]},{\"@type\":\"ImageObject\",\"inLanguage\":\"en-US\",\"@id\":\"https:\/\/www.kronbergerleben.de\/en\/teilnehmer\/#primaryimage\",\"url\":\"https:\/\/www.kronbergerleben.de\/wp-content\/uploads\/2018\/08\/Lageplan.jpg\",\"contentUrl\":\"https:\/\/www.kronbergerleben.de\/wp-content\/uploads\/2018\/08\/Lageplan.jpg\"},{\"@type\":\"BreadcrumbList\",\"@id\":\"https:\/\/www.kronbergerleben.de\/en\/teilnehmer\/#breadcrumb\",\"itemListElement\":[{\"@type\":\"ListItem\",\"position\":1,\"name\":\"Home\",\"item\":\"https:\/\/www.kronbergerleben.de\/en\/\"},{\"@type\":\"ListItem\",\"position\":2,\"name\":\"Teilnehmer\"}]},{\"@type\":\"WebSite\",\"@id\":\"https:\/\/www.kronbergerleben.de\/en\/#website\",\"url\":\"https:\/\/www.kronbergerleben.de\/en\/\",\"name\":\"kronberg|er|leben\",\"description\":\"Herbstmarkt 2.0\",\"potentialAction\":[{\"@type\":\"SearchAction\",\"target\":{\"@type\":\"EntryPoint\",\"urlTemplate\":\"https:\/\/www.kronbergerleben.de\/en\/?s={search_term_string}\"},\"query-input\":{\"@type\":\"PropertyValueSpecification\",\"valueRequired\":true,\"valueName\":\"search_term_string\"}}],\"inLanguage\":\"en-US\"}]}<\/script>\n<!-- \/ Yoast SEO plugin. -->","yoast_head_json":{"title":"Participants - kronberg|er|leben","robots":{"index":"index","follow":"follow","max-snippet":"max-snippet:-1","max-image-preview":"max-image-preview:large","max-video-preview":"max-video-preview:-1"},"canonical":"https:\/\/www.kronbergerleben.de\/en\/teilnehmer\/","og_locale":"en_US","og_type":"article","og_title":"Participants - kronberg|er|leben","og_description":"Craftsmen Ebner Raumausstattung Erich Depping &amp; Sohn GmbH Elektrotechnik Nuhn Gebr\u00fcder Hofmann GmbH Karl Wehrheim GmbH M\u00f6bel Kulemann K\u00fcchenwerkstatt Scheller &#8211; Schmiede und Metallbau Schulte Baufachhandel Michael Steinmetz Heim &amp; Haus, Bauelemente rund ums Haus Weidmann &amp; Feger Retailer Auge &amp; Ohr Optikstudio Dakinis Das Schaukelpferd GbR Expression &#8211; The Dress Company Famous Fashion Galerie [&hellip;]","og_url":"https:\/\/www.kronbergerleben.de\/en\/teilnehmer\/","og_site_name":"kronberg|er|leben","article_modified_time":"2019-08-02T11:59:55+00:00","og_image":[{"url":"https:\/\/www.kronbergerleben.de\/wp-content\/uploads\/2018\/08\/Lageplan.jpg","type":"","width":"","height":""}],"twitter_misc":{"Est. reading time":"3 minutes"},"schema":{"@context":"https:\/\/schema.org","@graph":[{"@type":"WebPage","@id":"https:\/\/www.kronbergerleben.de\/en\/teilnehmer\/","url":"https:\/\/www.kronbergerleben.de\/en\/teilnehmer\/","name":"Participants - kronberg|er|leben","isPartOf":{"@id":"https:\/\/www.kronbergerleben.de\/en\/#website"},"primaryImageOfPage":{"@id":"https:\/\/www.kronbergerleben.de\/en\/teilnehmer\/#primaryimage"},"image":{"@id":"https:\/\/www.kronbergerleben.de\/teilnehmer\/#primaryimage"},"thumbnailUrl":"https:\/\/www.kronbergerleben.de\/wp-content\/uploads\/2018\/08\/Lageplan.jpg","datePublished":"2017-08-15T09:21:01+00:00","dateModified":"2019-08-02T11:59:55+00:00","breadcrumb":{"@id":"https:\/\/www.kronbergerleben.de\/en\/teilnehmer\/#breadcrumb"},"inLanguage":"en-US","potentialAction":[{"@type":"ReadAction","target":[["https:\/\/www.kronbergerleben.de\/en\/teilnehmer\/"]]}]},{"@type":"ImageObject","inLanguage":"en-US","@id":"https:\/\/www.kronbergerleben.de\/en\/teilnehmer\/#primaryimage","url":"https:\/\/www.kronbergerleben.de\/wp-content\/uploads\/2018\/08\/Lageplan.jpg","contentUrl":"https:\/\/www.kronbergerleben.de\/wp-content\/uploads\/2018\/08\/Lageplan.jpg"},{"@type":"BreadcrumbList","@id":"https:\/\/www.kronbergerleben.de\/en\/teilnehmer\/#breadcrumb","itemListElement":[{"@type":"ListItem","position":1,"name":"Home","item":"https:\/\/www.kronbergerleben.de\/en\/"},{"@type":"ListItem","position":2,"name":"Teilnehmer"}]},{"@type":"WebSite","@id":"https:\/\/www.kronbergerleben.de\/en\/#website","url":"https:\/\/www.kronbergerleben.de\/en\/","name":"kronberg|er|leben","description":"Herbstmarkt 2.0","potentialAction":[{"@type":"SearchAction","target":{"@type":"EntryPoint","urlTemplate":"https:\/\/www.kronbergerleben.de\/en\/?s={search_term_string}"},"query-input":{"@type":"PropertyValueSpecification","valueRequired":true,"valueName":"search_term_string"}}],"inLanguage":"en-US"}]}},"_links":{"self":[{"href":"https:\/\/www.kronbergerleben.de\/en\/wp-json\/wp\/v2\/pages\/2020"}],"collection":[{"href":"https:\/\/www.kronbergerleben.de\/en\/wp-json\/wp\/v2\/pages"}],"about":[{"href":"https:\/\/www.kronbergerleben.de\/en\/wp-json\/wp\/v2\/types\/page"}],"author":[{"embeddable":true,"href":"https:\/\/www.kronbergerleben.de\/en\/wp-json\/wp\/v2\/users\/1"}],"replies":[{"embeddable":true,"href":"https:\/\/www.kronbergerleben.de\/en\/wp-json\/wp\/v2\/comments?post=2020"}],"version-history":[{"count":38,"href":"https:\/\/www.kronbergerleben.de\/en\/wp-json\/wp\/v2\/pages\/2020\/revisions"}],"predecessor-version":[{"id":2291,"href":"https:\/\/www.kronbergerleben.de\/en\/wp-json\/wp\/v2\/pages\/2020\/revisions\/2291"}],"wp:attachment":[{"href":"https:\/\/www.kronbergerleben.de\/en\/wp-json\/wp\/v2\/media?parent=2020"}],"curies":[{"name":"wp","href":"https:\/\/api.w.org\/{rel}","templated":true}]}}