{"id":26,"date":"2013-05-15T09:41:17","date_gmt":"2013-05-15T07:41:17","guid":{"rendered":"http:\/\/demo.kronbergerleben.de\/?page_id=26"},"modified":"2023-09-03T14:39:57","modified_gmt":"2023-09-03T12:39:57","slug":"teilnehmer-2023","status":"publish","type":"page","link":"https:\/\/www.kronbergerleben.de\/en\/teilnehmer-2023\/","title":{"rendered":"Participants 2023"},"content":{"rendered":"<p>Kronberger craftsmen, businesses, food and service providers and various organizations takes part. Look forward to great activities and attractions for visitors big and small.<\/p>\n<table border=\"0\" cellpadding=\"0\">\n<tbody>\n<tr>\n<td width=\"250\"><span style=\"color: #b70718;\"><strong>Auge &amp; Ohr Optikstudio<\/strong><\/span><\/td>\n<td width=\"352\">Karottenkuchen<\/td>\n<\/tr>\n<tr>\n<td width=\"250\"><span style=\"color: #b70718;\"><strong>Atelier Annemarie Lea<\/strong><\/span><\/td>\n<td width=\"352\">Verlosung exklusiver Fotoshootings &#8211;<br \/>\ninkl. Make-Up und Styling<\/td>\n<\/tr>\n<tr>\n<td width=\"250\"><span style=\"color: #b70718;\"><strong>Burgverein Kronberg e.V.<\/strong><\/span><\/td>\n<td width=\"352\">Wettbewerb &#8220;Wer backt den besten herzhaften Kuchen?&#8221;<\/td>\n<\/tr>\n<tr>\n<td width=\"250\"><\/td>\n<td width=\"352\">Kaffee, Getr\u00e4nke, S\u00fc\u00dfes und Herzhaftes, \u00d6ffnungszeiten: von 11 &#8211; 18 Uhr<\/td>\n<\/tr>\n<tr>\n<td width=\"250\"><\/td>\n<td width=\"352\">Sonntag: Tag des offenen Denkmals mit historischen Szenen (13 &#8211; 17 Uhr) und<\/td>\n<\/tr>\n<tr>\n<td width=\"250\"><\/td>\n<td width=\"352\">Kapellenf\u00fchrungen von 11 &#8211; 12.30 Uhr<\/td>\n<\/tr>\n<tr>\n<td width=\"250\"><span style=\"color: #b70718;\"><strong>Das Schaukelpferd<\/strong><\/span><\/td>\n<td width=\"352\">Kinderspiele und Bewirtung<\/td>\n<\/tr>\n<tr>\n<td width=\"250\"><span style=\"color: #b70718;\"><strong>Diller Elektro &#8211; Showroom<\/strong><\/span><\/td>\n<td width=\"352\">Wein Slush<\/td>\n<\/tr>\n<tr>\n<td width=\"250\"><span style=\"color: #b70718;\"><strong>EFC Kronberg<\/strong><\/span><\/td>\n<td width=\"352\">Fu\u00dfball-Dart<\/td>\n<\/tr>\n<tr>\n<td width=\"250\"><span style=\"color: #b70718;\"><strong>Expression<\/strong><\/span><\/td>\n<td width=\"352\">junge Damenmode und Sonderangebote<\/td>\n<\/tr>\n<tr>\n<td width=\"250\"><span style=\"color: #b70718;\"><strong>Famous Fashion\u00a0Susanne Wray\u00a0<\/strong><\/span><\/td>\n<td width=\"352\">Damenmode von internationalen<\/p>\n<p>Desginer-Marken<\/td>\n<\/tr>\n<tr>\n<td width=\"250\"><span style=\"color: #b70718;\"><strong>Gazelle E-Bike Test-Center<\/strong><\/span><\/td>\n<td width=\"352\">E-Bikes testen und Probe fahren<\/td>\n<\/tr>\n<tr>\n<td width=\"250\"><span style=\"color: #b70718;\"><strong>Gebr\u00fcder Hofmann GmbH<\/strong><\/span><\/td>\n<td width=\"352\">Bauen mit riesen Lego-Steinen<\/td>\n<\/tr>\n<tr>\n<td width=\"250\"><span style=\"color: #b70718;\"><strong>Hellriegel GmbH Feinkost und Convenience<\/strong><\/span><\/td>\n<td width=\"352\">Tr\u00fcffelsuche f\u00fcr Hunde<\/td>\n<\/tr>\n<tr>\n<td width=\"250\"><span style=\"color: #b70718;\"><strong>Hip Hop Kinderschuhe und Bekleidung<\/strong><\/span><\/td>\n<td width=\"352\">Von Kopf bis Fu\u00df f\u00fcr Klein und Gro\u00df<\/td>\n<\/tr>\n<tr>\n<td width=\"250\"><span style=\"color: #b70718;\"><strong>Hofgut Hohenwald<\/strong><\/span><\/td>\n<td width=\"352\">Herbstblumen, Obst und Gem\u00fcse aus eigenem Anbau<\/td>\n<\/tr>\n<tr>\n<td width=\"250\"><span style=\"color: #b70718;\"><strong>Jochmann\u00b4s Catering Veranstaltung Feste<\/strong><\/span><\/td>\n<td width=\"352\">Grillstand<\/td>\n<\/tr>\n<tr>\n<td width=\"250\"><span style=\"color: #b70718;\"><strong>Juwelier Fehn<\/strong><\/span><\/td>\n<td width=\"352\">Uhren und Schmuck<\/td>\n<\/tr>\n<tr>\n<td width=\"250\"><span style=\"color: #b70718;\"><strong>Klinger Delikatessen &amp; Wein<\/strong><\/span><\/td>\n<td width=\"352\">Delikatessen aller Art<\/td>\n<\/tr>\n<tr>\n<td width=\"250\"><span style=\"color: #b70718;\"><strong>K\u00f6rperformen Kronberg<\/strong><\/span><\/td>\n<td width=\"352\">Gewinne bis zu 4 kostenlose und unverbindliche Personal Trainings im EMS-Gesundheitsstudio K\u00f6rperformen Kronberg<\/td>\n<\/tr>\n<tr>\n<td width=\"250\"><span style=\"color: #b70718;\"><strong>Kronberger Kirchengemeinden<\/strong><\/span><\/td>\n<td width=\"352\">Tauben Basteln aus Papier als Zeichen f\u00fcr die Taufe<\/td>\n<\/tr>\n<tr>\n<td width=\"250\"><span style=\"color: #b70718;\"><strong>Kronberger Rittergarde und Kappenklub<\/strong><\/span><\/td>\n<td width=\"352\">Kinderspiele und Kuchen<\/td>\n<\/tr>\n<tr>\n<td width=\"250\"><span style=\"color: #b70718;\"><strong>Let me do &#8211; Service rund um Haus und Garten<\/strong><\/span><\/td>\n<td width=\"352\">Beratung f\u00fcr Haus und Garten<\/td>\n<\/tr>\n<tr>\n<td width=\"250\"><span style=\"color: #b70718;\"><strong>H\u00f6rakustik Lombardi<\/strong><\/span><\/td>\n<td width=\"352\">Kostenloser Schnellh\u00f6rtest<\/td>\n<\/tr>\n<tr>\n<td width=\"250\"><span style=\"color: #b70718;\"><strong>Mainova<\/strong><\/span><\/td>\n<td width=\"352\">Mitmachaktionen f\u00fcr Gro\u00df und Klein<\/td>\n<\/tr>\n<tr>\n<td width=\"250\"><span style=\"color: #b70718;\"><strong>marshmallow kids<\/strong><\/span><\/td>\n<td width=\"352\">Kinderbekleidung und besondere Accessoires<\/td>\n<\/tr>\n<tr>\n<td width=\"250\"><span style=\"color: #b70718;\"><strong>Minden N\u00b0 23<\/strong><\/span><\/td>\n<td width=\"352\">Konzept-Store<\/td>\n<\/tr>\n<tr>\n<td width=\"250\"><span style=\"color: #b70718;\"><strong>MTV Kronberg<\/strong><\/span><\/td>\n<td width=\"352\">Sportattraktionen<\/td>\n<\/tr>\n<tr>\n<td width=\"250\"><span style=\"color: #b70718;\"><strong>Obsthof Krieger<\/strong><\/span><\/td>\n<td width=\"352\">selbst gekelterter Apfelwein und Apfelsaft<\/td>\n<\/tr>\n<tr>\n<td width=\"250\"><span style=\"color: #b70718;\"><strong>Raum Wunder &#8211; Malerfachbetrieb<\/strong><\/span><\/td>\n<td width=\"352\">Gips Gie\u00dfen<\/td>\n<\/tr>\n<tr>\n<td width=\"250\"><span style=\"color: #b70718;\"><strong>Receptur Kronberg<\/strong><\/span><\/td>\n<td width=\"352\">Live Musik, Grill, Getr\u00e4nke &amp; gute Laune<\/td>\n<\/tr>\n<tr>\n<td width=\"250\"><span style=\"color: #b70718;\"><strong>Regionale Wildspezialit\u00e4ten<\/strong><\/span><\/td>\n<td width=\"352\">Wildbratw\u00fcrste, Wild-Salami, Wild-Dosenwurst (Lyoner und Leberwurst)<\/td>\n<\/tr>\n<tr>\n<td width=\"250\"><span style=\"color: #b70718;\"><strong>Riemers Creperie<\/strong><\/span><\/td>\n<td width=\"352\">verschiedene Cr\u00eapes<\/td>\n<\/tr>\n<tr>\n<td width=\"250\"><span style=\"color: #b70718;\"><strong>Karussellbetrieb Schickler<\/strong><\/span><\/td>\n<td width=\"352\">Kinderkarussell &#8220;Kindertraum&#8221;<\/td>\n<\/tr>\n<tr>\n<td width=\"250\"><span style=\"color: #b70718;\"><strong>Creperie Schickler<\/strong><\/span><\/td>\n<td width=\"352\">Cr\u00eapes in 30 verschiedenen Varianten: s\u00fc\u00df, fruchtig, herzhaft und beschwipst<\/td>\n<\/tr>\n<tr>\n<td width=\"250\"><span style=\"color: #b70718;\"><strong>Scheller Schmiede &amp; Metallbau<\/strong><\/span><\/td>\n<td width=\"352\">Schmiedevorf\u00fchrungen<\/td>\n<\/tr>\n<tr>\n<td width=\"250\"><span style=\"color: #b70718;\"><strong>Schulte Bauzentrum Rhein Main<\/strong><\/span><\/td>\n<td width=\"352\">Materialberatung f\u00fcr Haus und Garten<\/td>\n<\/tr>\n<tr>\n<td width=\"250\"><span style=\"color: #b70718;\"><strong>Schutzgemeinschaft Deutscher Wald Kronberg e.V.<\/strong><\/span><\/td>\n<td width=\"352\">Bau und Verkauf von Nisthilfen<\/td>\n<\/tr>\n<tr>\n<td width=\"250\"><span style=\"color: #b70718;\"><strong>S\u00fcwag<\/strong><\/span><\/td>\n<td width=\"352\">S\u00fcwag-Energiegarten\u00a0 (nur am Samstag)<\/td>\n<\/tr>\n<tr>\n<td width=\"250\"><span style=\"color: #b70718;\"><strong>Taunus Sparkasse<\/strong><\/span><\/td>\n<td width=\"352\">Kinderschminken, Gewinnspiel, attraktives Kinderprogramm<\/td>\n<\/tr>\n<tr>\n<td width=\"250\"><span style=\"color: #b70718;\"><strong>Taunus Tanzschule Kronberg<\/strong><\/span><\/td>\n<td width=\"352\">Tanzshow<\/td>\n<\/tr>\n<tr>\n<td width=\"250\"><span style=\"color: #b70718;\"><strong>Vox Musicae<\/strong><\/span><\/td>\n<td width=\"352\">Rock- und Popchor am Sa. 09.09. auf der Receptur-B\u00fchne<\/td>\n<\/tr>\n<tr>\n<td width=\"250\"><span style=\"color: #b70718;\"><strong>Zeit &amp; Genuss<\/strong><\/span><\/td>\n<td width=\"352\">Regionale hessische Speziali\u00e4ten<\/td>\n<\/tr>\n<\/tbody>\n<\/table>\n<hr \/>\n<p>You would also like to participate?<\/p>\n<p>Just call +49\u00a0<strong>(0)172 9818470<\/strong> to talk to the organizers<\/p>\n<p>or click the<br \/>\n<a href=\"https:\/\/www.kronbergerleben.de\/wp-content\/uploads\/2023\/05\/2023_kronberg_er_leben_AnmeldungSatzung.pdf\">Registration for Kronberg entrepreneurs<\/a><a href=\"https:\/\/www.kronbergerleben.de\/wp-content\/uploads\/2023\/04\/2023_kronberg_er_leben_AnmeldungSatzung_Vereine.pdf\" target=\"_blank\" rel=\"noopener noreferrer\"><br \/>\n<\/a><a href=\"https:\/\/www.kronbergerleben.de\/wp-content\/uploads\/2023\/05\/2023_kronberg_er_leben_AnmeldungSatzung_Vereine.pdf\">Registration for associations and institutions<\/a><a href=\"http:\/\/www.bds-kronberg.de\/media\/2017_kronberg_er_leben_Anmeldung_Vereine_3.pdf\" target=\"_blank\" rel=\"noopener noreferrer\"><br \/>\n<\/a><\/p>\n<p>Do you come from Kronberg or the surrounding area and would you like to participate in the Kronbergereleben Herbstmarkt with your company?<br \/>\nThen simply call: +49<strong> (0)172 9818470<\/strong> or send an e-mail to info@kronbergerleben.de<\/p>\n<p><img loading=\"lazy\" decoding=\"async\" class=\"alignright size-full wp-image-2471\" src=\"https:\/\/www.kronbergerleben.de\/wp-content\/uploads\/2023\/04\/Logo_kronbergerleben-xl.jpg\" alt=\"\" width=\"1200\" height=\"478\" srcset=\"https:\/\/www.kronbergerleben.de\/wp-content\/uploads\/2023\/04\/Logo_kronbergerleben-xl.jpg 1200w, https:\/\/www.kronbergerleben.de\/wp-content\/uploads\/2023\/04\/Logo_kronbergerleben-xl-300x120.jpg 300w, https:\/\/www.kronbergerleben.de\/wp-content\/uploads\/2023\/04\/Logo_kronbergerleben-xl-1024x408.jpg 1024w, https:\/\/www.kronbergerleben.de\/wp-content\/uploads\/2023\/04\/Logo_kronbergerleben-xl-150x60.jpg 150w, https:\/\/www.kronbergerleben.de\/wp-content\/uploads\/2023\/04\/Logo_kronbergerleben-xl-768x306.jpg 768w, https:\/\/www.kronbergerleben.de\/wp-content\/uploads\/2023\/04\/Logo_kronbergerleben-xl-624x249.jpg 624w\" sizes=\"(max-width: 1200px) 100vw, 1200px\" \/><\/p>","protected":false},"excerpt":{"rendered":"<p>Kronberger craftsmen, businesses, food and service providers and various organizations takes part. Look forward to great activities and attractions for visitors big and small. Auge &amp; Ohr Optikstudio Karottenkuchen Atelier Annemarie Lea Verlosung exklusiver Fotoshootings &#8211; inkl. Make-Up und Styling Burgverein Kronberg e.V. Wettbewerb &#8220;Wer backt den besten herzhaften Kuchen?&#8221; Kaffee, Getr\u00e4nke, S\u00fc\u00dfes und Herzhaftes, [&hellip;]<\/p>\n","protected":false},"author":1,"featured_media":0,"parent":0,"menu_order":0,"comment_status":"closed","ping_status":"closed","template":"","meta":{"footnotes":""},"class_list":["post-26","page","type-page","status-publish","hentry"],"yoast_head":"<!-- This site is optimized with the Yoast SEO plugin v24.9 - https:\/\/yoast.com\/wordpress\/plugins\/seo\/ -->\n<title>kronbergerleben - Die Teilnehmer<\/title>\n<meta name=\"description\" content=\"Kronberger Handwerker, H\u00e4ndler, Dienstleister, Gastronomen, Vereine und Institutionen pr\u00e4sentieren Highlights und Attraktionen f\u00fcr Gro\u00df und Klein.\" \/>\n<meta name=\"robots\" content=\"index, follow, max-snippet:-1, max-image-preview:large, max-video-preview:-1\" \/>\n<link rel=\"canonical\" href=\"https:\/\/www.kronbergerleben.de\/en\/teilnehmer-2023\/\" \/>\n<meta property=\"og:locale\" content=\"en_US\" \/>\n<meta property=\"og:type\" content=\"article\" \/>\n<meta property=\"og:title\" content=\"kronbergerleben - Die Teilnehmer\" \/>\n<meta property=\"og:description\" content=\"Kronberger Handwerker, H\u00e4ndler, Dienstleister, Gastronomen, Vereine und Institutionen pr\u00e4sentieren Highlights und Attraktionen f\u00fcr Gro\u00df und Klein.\" \/>\n<meta property=\"og:url\" content=\"https:\/\/www.kronbergerleben.de\/en\/teilnehmer-2023\/\" \/>\n<meta property=\"og:site_name\" content=\"kronberg|er|leben\" \/>\n<meta property=\"article:modified_time\" content=\"2023-09-03T12:39:57+00:00\" \/>\n<meta property=\"og:image\" content=\"https:\/\/www.bds-kronberg.de\/images\/facebook.png\" \/>\n<meta name=\"twitter:label1\" content=\"Est. reading time\" \/>\n\t<meta name=\"twitter:data1\" content=\"3 minutes\" \/>\n<script type=\"application\/ld+json\" class=\"yoast-schema-graph\">{\"@context\":\"https:\/\/schema.org\",\"@graph\":[{\"@type\":\"WebPage\",\"@id\":\"https:\/\/www.kronbergerleben.de\/en\/teilnehmer-2023\/\",\"url\":\"https:\/\/www.kronbergerleben.de\/en\/teilnehmer-2023\/\",\"name\":\"kronbergerleben - Die Teilnehmer\",\"isPartOf\":{\"@id\":\"https:\/\/www.kronbergerleben.de\/en\/#website\"},\"primaryImageOfPage\":{\"@id\":\"https:\/\/www.kronbergerleben.de\/en\/teilnehmer-2023\/#primaryimage\"},\"image\":{\"@id\":\"https:\/\/www.kronbergerleben.de\/teilnehmer-2023\/#primaryimage\"},\"thumbnailUrl\":\"https:\/\/www.bds-kronberg.de\/images\/facebook.png\",\"datePublished\":\"2013-05-15T07:41:17+00:00\",\"dateModified\":\"2023-09-03T12:39:57+00:00\",\"description\":\"Kronberger Handwerker, H\u00e4ndler, Dienstleister, Gastronomen, Vereine und Institutionen pr\u00e4sentieren Highlights und Attraktionen f\u00fcr Gro\u00df und Klein.\",\"breadcrumb\":{\"@id\":\"https:\/\/www.kronbergerleben.de\/en\/teilnehmer-2023\/#breadcrumb\"},\"inLanguage\":\"en-US\",\"potentialAction\":[{\"@type\":\"ReadAction\",\"target\":[[\"https:\/\/www.kronbergerleben.de\/en\/teilnehmer-2023\/\"]]}]},{\"@type\":\"ImageObject\",\"inLanguage\":\"en-US\",\"@id\":\"https:\/\/www.kronbergerleben.de\/en\/teilnehmer-2023\/#primaryimage\",\"url\":\"https:\/\/www.bds-kronberg.de\/images\/facebook.png\",\"contentUrl\":\"https:\/\/www.bds-kronberg.de\/images\/facebook.png\"},{\"@type\":\"BreadcrumbList\",\"@id\":\"https:\/\/www.kronbergerleben.de\/en\/teilnehmer-2023\/#breadcrumb\",\"itemListElement\":[{\"@type\":\"ListItem\",\"position\":1,\"name\":\"Home\",\"item\":\"https:\/\/www.kronbergerleben.de\/en\/\"},{\"@type\":\"ListItem\",\"position\":2,\"name\":\"Teilnehmer 2023\"}]},{\"@type\":\"WebSite\",\"@id\":\"https:\/\/www.kronbergerleben.de\/en\/#website\",\"url\":\"https:\/\/www.kronbergerleben.de\/en\/\",\"name\":\"kronberg|er|leben\",\"description\":\"Herbstmarkt 2.0\",\"potentialAction\":[{\"@type\":\"SearchAction\",\"target\":{\"@type\":\"EntryPoint\",\"urlTemplate\":\"https:\/\/www.kronbergerleben.de\/en\/?s={search_term_string}\"},\"query-input\":{\"@type\":\"PropertyValueSpecification\",\"valueRequired\":true,\"valueName\":\"search_term_string\"}}],\"inLanguage\":\"en-US\"}]}<\/script>\n<!-- \/ Yoast SEO plugin. -->","yoast_head_json":{"title":"kronbergerleben - Die Teilnehmer","description":"Kronberger Handwerker, H\u00e4ndler, Dienstleister, Gastronomen, Vereine und Institutionen pr\u00e4sentieren Highlights und Attraktionen f\u00fcr Gro\u00df und Klein.","robots":{"index":"index","follow":"follow","max-snippet":"max-snippet:-1","max-image-preview":"max-image-preview:large","max-video-preview":"max-video-preview:-1"},"canonical":"https:\/\/www.kronbergerleben.de\/en\/teilnehmer-2023\/","og_locale":"en_US","og_type":"article","og_title":"kronbergerleben - Die Teilnehmer","og_description":"Kronberger Handwerker, H\u00e4ndler, Dienstleister, Gastronomen, Vereine und Institutionen pr\u00e4sentieren Highlights und Attraktionen f\u00fcr Gro\u00df und Klein.","og_url":"https:\/\/www.kronbergerleben.de\/en\/teilnehmer-2023\/","og_site_name":"kronberg|er|leben","article_modified_time":"2023-09-03T12:39:57+00:00","og_image":[{"url":"https:\/\/www.bds-kronberg.de\/images\/facebook.png","type":"","width":"","height":""}],"twitter_misc":{"Est. reading time":"3 minutes"},"schema":{"@context":"https:\/\/schema.org","@graph":[{"@type":"WebPage","@id":"https:\/\/www.kronbergerleben.de\/en\/teilnehmer-2023\/","url":"https:\/\/www.kronbergerleben.de\/en\/teilnehmer-2023\/","name":"kronbergerleben - Die Teilnehmer","isPartOf":{"@id":"https:\/\/www.kronbergerleben.de\/en\/#website"},"primaryImageOfPage":{"@id":"https:\/\/www.kronbergerleben.de\/en\/teilnehmer-2023\/#primaryimage"},"image":{"@id":"https:\/\/www.kronbergerleben.de\/teilnehmer-2023\/#primaryimage"},"thumbnailUrl":"https:\/\/www.bds-kronberg.de\/images\/facebook.png","datePublished":"2013-05-15T07:41:17+00:00","dateModified":"2023-09-03T12:39:57+00:00","description":"Kronberger Handwerker, H\u00e4ndler, Dienstleister, Gastronomen, Vereine und Institutionen pr\u00e4sentieren Highlights und Attraktionen f\u00fcr Gro\u00df und Klein.","breadcrumb":{"@id":"https:\/\/www.kronbergerleben.de\/en\/teilnehmer-2023\/#breadcrumb"},"inLanguage":"en-US","potentialAction":[{"@type":"ReadAction","target":[["https:\/\/www.kronbergerleben.de\/en\/teilnehmer-2023\/"]]}]},{"@type":"ImageObject","inLanguage":"en-US","@id":"https:\/\/www.kronbergerleben.de\/en\/teilnehmer-2023\/#primaryimage","url":"https:\/\/www.bds-kronberg.de\/images\/facebook.png","contentUrl":"https:\/\/www.bds-kronberg.de\/images\/facebook.png"},{"@type":"BreadcrumbList","@id":"https:\/\/www.kronbergerleben.de\/en\/teilnehmer-2023\/#breadcrumb","itemListElement":[{"@type":"ListItem","position":1,"name":"Home","item":"https:\/\/www.kronbergerleben.de\/en\/"},{"@type":"ListItem","position":2,"name":"Teilnehmer 2023"}]},{"@type":"WebSite","@id":"https:\/\/www.kronbergerleben.de\/en\/#website","url":"https:\/\/www.kronbergerleben.de\/en\/","name":"kronberg|er|leben","description":"Herbstmarkt 2.0","potentialAction":[{"@type":"SearchAction","target":{"@type":"EntryPoint","urlTemplate":"https:\/\/www.kronbergerleben.de\/en\/?s={search_term_string}"},"query-input":{"@type":"PropertyValueSpecification","valueRequired":true,"valueName":"search_term_string"}}],"inLanguage":"en-US"}]}},"_links":{"self":[{"href":"https:\/\/www.kronbergerleben.de\/en\/wp-json\/wp\/v2\/pages\/26"}],"collection":[{"href":"https:\/\/www.kronbergerleben.de\/en\/wp-json\/wp\/v2\/pages"}],"about":[{"href":"https:\/\/www.kronbergerleben.de\/en\/wp-json\/wp\/v2\/types\/page"}],"author":[{"embeddable":true,"href":"https:\/\/www.kronbergerleben.de\/en\/wp-json\/wp\/v2\/users\/1"}],"replies":[{"embeddable":true,"href":"https:\/\/www.kronbergerleben.de\/en\/wp-json\/wp\/v2\/comments?post=26"}],"version-history":[{"count":97,"href":"https:\/\/www.kronbergerleben.de\/en\/wp-json\/wp\/v2\/pages\/26\/revisions"}],"predecessor-version":[{"id":2526,"href":"https:\/\/www.kronbergerleben.de\/en\/wp-json\/wp\/v2\/pages\/26\/revisions\/2526"}],"wp:attachment":[{"href":"https:\/\/www.kronbergerleben.de\/en\/wp-json\/wp\/v2\/media?parent=26"}],"curies":[{"name":"wp","href":"https:\/\/api.w.org\/{rel}","templated":true}]}}